{"id":85,"date":"2025-09-03T08:30:41","date_gmt":"2025-09-03T08:30:41","guid":{"rendered":"https:\/\/next26659.elev.nextkbh.dk\/?page_id=85"},"modified":"2025-09-03T10:18:48","modified_gmt":"2025-09-03T10:18:48","slug":"folder","status":"publish","type":"page","link":"https:\/\/next26659.elev.nextkbh.dk\/?page_id=85","title":{"rendered":"Folder"},"content":{"rendered":"\n<div class=\"wp-block-cover alignfull\" style=\"min-height:720px;aspect-ratio:unset;\"><span aria-hidden=\"true\" class=\"wp-block-cover__background has-ast-global-color-5-background-color has-background-dim-100 has-background-dim\"><\/span><div class=\"wp-block-cover__inner-container is-layout-flow wp-block-cover-is-layout-flow\">\n<div class=\"wp-block-columns are-vertically-aligned-center is-layout-flex wp-container-core-columns-is-layout-28f84493 wp-block-columns-is-layout-flex\">\n<div class=\"wp-block-column is-vertically-aligned-center is-layout-flow wp-block-column-is-layout-flow\">\n<div class=\"wp-block-cover aligncenter\"><img loading=\"lazy\" decoding=\"async\" width=\"2560\" height=\"959\" class=\"wp-block-cover__image-background wp-image-134 size-full\" alt=\"\" src=\"https:\/\/next26659.elev.nextkbh.dk\/wp-content\/uploads\/2025\/09\/RoskildeZoo_Page_1-scaled.jpg\" style=\"object-position:51% 35%\" data-object-fit=\"cover\" data-object-position=\"51% 35%\" srcset=\"https:\/\/next26659.elev.nextkbh.dk\/wp-content\/uploads\/2025\/09\/RoskildeZoo_Page_1-scaled.jpg 2560w, https:\/\/next26659.elev.nextkbh.dk\/wp-content\/uploads\/2025\/09\/RoskildeZoo_Page_1-300x112.jpg 300w, https:\/\/next26659.elev.nextkbh.dk\/wp-content\/uploads\/2025\/09\/RoskildeZoo_Page_1-1024x384.jpg 1024w, https:\/\/next26659.elev.nextkbh.dk\/wp-content\/uploads\/2025\/09\/RoskildeZoo_Page_1-768x288.jpg 768w, https:\/\/next26659.elev.nextkbh.dk\/wp-content\/uploads\/2025\/09\/RoskildeZoo_Page_1-1536x575.jpg 1536w, https:\/\/next26659.elev.nextkbh.dk\/wp-content\/uploads\/2025\/09\/RoskildeZoo_Page_1-2048x767.jpg 2048w\" sizes=\"auto, (max-width: 2560px) 100vw, 2560px\" \/><span aria-hidden=\"true\" class=\"wp-block-cover__background has-background-dim\"><\/span><div class=\"wp-block-cover__inner-container is-layout-flow wp-block-cover-is-layout-flow\">\n<h1 class=\"wp-block-heading has-text-align-center has-ast-global-color-4-color has-text-color has-link-color has-large-font-size wp-elements-58b92769a4582ebf5c8e10a6398661e0\">Folder<\/h1>\n<\/div><\/div>\n<\/div>\n<\/div>\n<\/div><\/div>\n\n\n\n<div class=\"wp-block-cover alignfull\"><span aria-hidden=\"true\" class=\"wp-block-cover__background has-ast-global-color-0-background-color has-background-dim-100 has-background-dim\"><\/span><div class=\"wp-block-cover__inner-container is-layout-constrained wp-block-cover-is-layout-constrained\">\n<div class=\"wp-block-columns are-vertically-aligned-center is-layout-flex wp-container-core-columns-is-layout-28f84493 wp-block-columns-is-layout-flex\">\n<div class=\"wp-block-column is-vertically-aligned-center is-layout-flow wp-block-column-is-layout-flow\" style=\"flex-basis:66.66%\">\n<figure data-wp-context=\"{&quot;imageId&quot;:&quot;6a0854d93059d&quot;}\" data-wp-interactive=\"core\/image\" class=\"wp-block-image size-large has-custom-border wp-lightbox-container\"><img loading=\"lazy\" decoding=\"async\" width=\"1024\" height=\"384\" data-wp-class--hide=\"state.isContentHidden\" data-wp-class--show=\"state.isContentVisible\" data-wp-init=\"callbacks.setButtonStyles\" data-wp-on-async--click=\"actions.showLightbox\" data-wp-on-async--load=\"callbacks.setButtonStyles\" data-wp-on-async-window--resize=\"callbacks.setButtonStyles\" src=\"https:\/\/next26659.elev.nextkbh.dk\/wp-content\/uploads\/2025\/09\/RoskildeZoo_Page_1-1024x384.jpg\" alt=\"\" class=\"wp-image-134\" style=\"border-radius:10px\" srcset=\"https:\/\/next26659.elev.nextkbh.dk\/wp-content\/uploads\/2025\/09\/RoskildeZoo_Page_1-1024x384.jpg 1024w, https:\/\/next26659.elev.nextkbh.dk\/wp-content\/uploads\/2025\/09\/RoskildeZoo_Page_1-300x112.jpg 300w, https:\/\/next26659.elev.nextkbh.dk\/wp-content\/uploads\/2025\/09\/RoskildeZoo_Page_1-768x288.jpg 768w, https:\/\/next26659.elev.nextkbh.dk\/wp-content\/uploads\/2025\/09\/RoskildeZoo_Page_1-1536x575.jpg 1536w, https:\/\/next26659.elev.nextkbh.dk\/wp-content\/uploads\/2025\/09\/RoskildeZoo_Page_1-2048x767.jpg 2048w\" sizes=\"auto, (max-width: 1024px) 100vw, 1024px\" \/><button\n\t\t\tclass=\"lightbox-trigger\"\n\t\t\ttype=\"button\"\n\t\t\taria-haspopup=\"dialog\"\n\t\t\taria-label=\"Forst\u00f8r\"\n\t\t\tdata-wp-init=\"callbacks.initTriggerButton\"\n\t\t\tdata-wp-on-async--click=\"actions.showLightbox\"\n\t\t\tdata-wp-style--right=\"state.imageButtonRight\"\n\t\t\tdata-wp-style--top=\"state.imageButtonTop\"\n\t\t>\n\t\t\t<svg xmlns=\"http:\/\/www.w3.org\/2000\/svg\" width=\"12\" height=\"12\" fill=\"none\" viewBox=\"0 0 12 12\">\n\t\t\t\t<path fill=\"#fff\" d=\"M2 0a2 2 0 0 0-2 2v2h1.5V2a.5.5 0 0 1 .5-.5h2V0H2Zm2 10.5H2a.5.5 0 0 1-.5-.5V8H0v2a2 2 0 0 0 2 2h2v-1.5ZM8 12v-1.5h2a.5.5 0 0 0 .5-.5V8H12v2a2 2 0 0 1-2 2H8Zm2-12a2 2 0 0 1 2 2v2h-1.5V2a.5.5 0 0 0-.5-.5H8V0h2Z\" \/>\n\t\t\t<\/svg>\n\t\t<\/button><\/figure>\n<\/div>\n\n\n\n<div class=\"wp-block-column is-vertically-aligned-center is-layout-flow wp-block-column-is-layout-flow\" style=\"flex-basis:33.33%\">\n<p class=\"has-ast-global-color-4-color has-text-color has-link-color wp-elements-ce188bcb09584e2ebfeffca6d6afd1ba\">Jeg startede med at s\u00e6tte dokumentet korrekt op i InDesign ud fra de m\u00e5l, margener og baseline grid, der stod i opgavebeskrivelsen. Derefter importerede jeg teksten fra roskildeZooTekst.docx og begyndte at arbejde med typografien. Jeg fulgte de fastlagte krav til skrifttyper og rubrikniveauer, men jeg justerede ops\u00e6tningen, s\u00e5 der blev skabt et tydeligt hierarki mellem rubrikker, mellemrubrikker og br\u00f8dtekst.<\/p>\n<\/div>\n<\/div>\n<\/div><\/div>\n\n\n\n<div class=\"wp-block-cover alignfull\"><span aria-hidden=\"true\" class=\"wp-block-cover__background has-ast-global-color-0-background-color has-background-dim-100 has-background-dim\"><\/span><div class=\"wp-block-cover__inner-container is-layout-constrained wp-block-cover-is-layout-constrained\">\n<div class=\"wp-block-columns are-vertically-aligned-center is-layout-flex wp-container-core-columns-is-layout-28f84493 wp-block-columns-is-layout-flex\">\n<div class=\"wp-block-column is-vertically-aligned-center is-layout-flow wp-block-column-is-layout-flow\" style=\"flex-basis:33.33%\">\n<p class=\"has-text-align-right has-ast-global-color-4-color has-text-color has-link-color wp-elements-15c83cfbab1d007166930ea84c1811f9\">Jeg valgte at bruge farverne gr\u00f8n og orange konsekvent, fordi de b\u00e5de matcher Roskilde Zoos identitet og giver et venligt udtryk, der tiltaler b\u00f8rnefamilier. For at sikre en p\u00e6n spalteops\u00e6tning brugte jeg de angivne hyphenation- og justification-indstillinger, hvilket gjorde teksten let at l\u00e6se og visuelt harmonisk.<\/p>\n<\/div>\n\n\n\n<div class=\"wp-block-column is-vertically-aligned-center is-layout-flow wp-block-column-is-layout-flow\" style=\"flex-basis:66.66%\">\n<figure data-wp-context=\"{&quot;imageId&quot;:&quot;6a0854d930c04&quot;}\" data-wp-interactive=\"core\/image\" class=\"wp-block-image size-large has-custom-border wp-lightbox-container\"><img loading=\"lazy\" decoding=\"async\" width=\"1024\" height=\"384\" data-wp-class--hide=\"state.isContentHidden\" data-wp-class--show=\"state.isContentVisible\" data-wp-init=\"callbacks.setButtonStyles\" data-wp-on-async--click=\"actions.showLightbox\" data-wp-on-async--load=\"callbacks.setButtonStyles\" data-wp-on-async-window--resize=\"callbacks.setButtonStyles\" src=\"https:\/\/next26659.elev.nextkbh.dk\/wp-content\/uploads\/2025\/09\/RoskildeZoo_Page_2-1024x384.jpg\" alt=\"\" class=\"wp-image-135\" style=\"border-radius:10px\" srcset=\"https:\/\/next26659.elev.nextkbh.dk\/wp-content\/uploads\/2025\/09\/RoskildeZoo_Page_2-1024x384.jpg 1024w, https:\/\/next26659.elev.nextkbh.dk\/wp-content\/uploads\/2025\/09\/RoskildeZoo_Page_2-300x112.jpg 300w, https:\/\/next26659.elev.nextkbh.dk\/wp-content\/uploads\/2025\/09\/RoskildeZoo_Page_2-768x288.jpg 768w, https:\/\/next26659.elev.nextkbh.dk\/wp-content\/uploads\/2025\/09\/RoskildeZoo_Page_2-1536x575.jpg 1536w, https:\/\/next26659.elev.nextkbh.dk\/wp-content\/uploads\/2025\/09\/RoskildeZoo_Page_2-2048x767.jpg 2048w\" sizes=\"auto, (max-width: 1024px) 100vw, 1024px\" \/><button\n\t\t\tclass=\"lightbox-trigger\"\n\t\t\ttype=\"button\"\n\t\t\taria-haspopup=\"dialog\"\n\t\t\taria-label=\"Forst\u00f8r\"\n\t\t\tdata-wp-init=\"callbacks.initTriggerButton\"\n\t\t\tdata-wp-on-async--click=\"actions.showLightbox\"\n\t\t\tdata-wp-style--right=\"state.imageButtonRight\"\n\t\t\tdata-wp-style--top=\"state.imageButtonTop\"\n\t\t>\n\t\t\t<svg xmlns=\"http:\/\/www.w3.org\/2000\/svg\" width=\"12\" height=\"12\" fill=\"none\" viewBox=\"0 0 12 12\">\n\t\t\t\t<path fill=\"#fff\" d=\"M2 0a2 2 0 0 0-2 2v2h1.5V2a.5.5 0 0 1 .5-.5h2V0H2Zm2 10.5H2a.5.5 0 0 1-.5-.5V8H0v2a2 2 0 0 0 2 2h2v-1.5ZM8 12v-1.5h2a.5.5 0 0 0 .5-.5V8H12v2a2 2 0 0 1-2 2H8Zm2-12a2 2 0 0 1 2 2v2h-1.5V2a.5.5 0 0 0-.5-.5H8V0h2Z\" \/>\n\t\t\t<\/svg>\n\t\t<\/button><\/figure>\n<\/div>\n<\/div>\n<\/div><\/div>\n","protected":false},"excerpt":{"rendered":"","protected":false},"author":1,"featured_media":0,"parent":11,"menu_order":0,"comment_status":"closed","ping_status":"closed","template":"","meta":{"site-sidebar-layout":"default","site-content-layout":"","ast-site-content-layout":"default","site-content-style":"default","site-sidebar-style":"default","ast-global-header-display":"","ast-banner-title-visibility":"","ast-main-header-display":"","ast-hfb-above-header-display":"","ast-hfb-below-header-display":"","ast-hfb-mobile-header-display":"","site-post-title":"disabled","ast-breadcrumbs-content":"","ast-featured-img":"","footer-sml-layout":"","theme-transparent-header-meta":"","adv-header-id-meta":"","stick-header-meta":"","header-above-stick-meta":"","header-main-stick-meta":"","header-below-stick-meta":"","astra-migrate-meta-layouts":"default","ast-page-background-enabled":"default","ast-page-background-meta":{"desktop":{"background-color":"var(--ast-global-color-5)","background-image":"","background-repeat":"repeat","background-position":"center center","background-size":"auto","background-attachment":"scroll","background-type":"","background-media":"","overlay-type":"","overlay-color":"","overlay-opacity":"","overlay-gradient":""},"tablet":{"background-color":"","background-image":"","background-repeat":"repeat","background-position":"center center","background-size":"auto","background-attachment":"scroll","background-type":"","background-media":"","overlay-type":"","overlay-color":"","overlay-opacity":"","overlay-gradient":""},"mobile":{"background-color":"","background-image":"","background-repeat":"repeat","background-position":"center center","background-size":"auto","background-attachment":"scroll","background-type":"","background-media":"","overlay-type":"","overlay-color":"","overlay-opacity":"","overlay-gradient":""}},"ast-content-background-meta":{"desktop":{"background-color":"var(--ast-global-color-4)","background-image":"","background-repeat":"repeat","background-position":"center center","background-size":"auto","background-attachment":"scroll","background-type":"","background-media":"","overlay-type":"","overlay-color":"","overlay-opacity":"","overlay-gradient":""},"tablet":{"background-color":"var(--ast-global-color-4)","background-image":"","background-repeat":"repeat","background-position":"center center","background-size":"auto","background-attachment":"scroll","background-type":"","background-media":"","overlay-type":"","overlay-color":"","overlay-opacity":"","overlay-gradient":""},"mobile":{"background-color":"var(--ast-global-color-4)","background-image":"","background-repeat":"repeat","background-position":"center center","background-size":"auto","background-attachment":"scroll","background-type":"","background-media":"","overlay-type":"","overlay-color":"","overlay-opacity":"","overlay-gradient":""}},"footnotes":""},"class_list":["post-85","page","type-page","status-publish","hentry"],"aioseo_notices":[],"_links":{"self":[{"href":"https:\/\/next26659.elev.nextkbh.dk\/index.php?rest_route=\/wp\/v2\/pages\/85","targetHints":{"allow":["GET"]}}],"collection":[{"href":"https:\/\/next26659.elev.nextkbh.dk\/index.php?rest_route=\/wp\/v2\/pages"}],"about":[{"href":"https:\/\/next26659.elev.nextkbh.dk\/index.php?rest_route=\/wp\/v2\/types\/page"}],"author":[{"embeddable":true,"href":"https:\/\/next26659.elev.nextkbh.dk\/index.php?rest_route=\/wp\/v2\/users\/1"}],"replies":[{"embeddable":true,"href":"https:\/\/next26659.elev.nextkbh.dk\/index.php?rest_route=%2Fwp%2Fv2%2Fcomments&post=85"}],"version-history":[{"count":12,"href":"https:\/\/next26659.elev.nextkbh.dk\/index.php?rest_route=\/wp\/v2\/pages\/85\/revisions"}],"predecessor-version":[{"id":146,"href":"https:\/\/next26659.elev.nextkbh.dk\/index.php?rest_route=\/wp\/v2\/pages\/85\/revisions\/146"}],"up":[{"embeddable":true,"href":"https:\/\/next26659.elev.nextkbh.dk\/index.php?rest_route=\/wp\/v2\/pages\/11"}],"wp:attachment":[{"href":"https:\/\/next26659.elev.nextkbh.dk\/index.php?rest_route=%2Fwp%2Fv2%2Fmedia&parent=85"}],"curies":[{"name":"wp","href":"https:\/\/api.w.org\/{rel}","templated":true}]}}